{"id":256,"date":"2023-06-16T22:31:29","date_gmt":"2023-06-16T22:31:29","guid":{"rendered":"https:\/\/ktequerolembrancas.com.br\/?page_id=256"},"modified":"2026-05-12T17:05:30","modified_gmt":"2026-05-12T17:05:30","slug":"k-te-quero-lembrancas","status":"publish","type":"page","link":"https:\/\/ktequerolembrancas.com.br\/","title":{"rendered":"K Te Quero Lembran\u00e7as"},"content":{"rendered":"<p>Slide 1 HeadingLorem ipsum dolor sit amet consectetur adipiscing elit dolorClick HereSlide 2 HeadingLorem ipsum dolor sit amet consectetur adipiscing elit dolorClick HereSlide 3 HeadingLorem ipsum dolor sit amet consectetur adipiscing elit dolorClick Here<br \/>\n<svg aria-hidden=\"true\" viewBox=\"0 0 640 512\" xmlns=\"http:\/\/www.w3.org\/2000\/svg\"><path d=\"M624 352h-16V243.9c0-12.7-5.1-24.9-14.1-33.9L494 110.1c-9-9-21.2-14.1-33.9-14.1H416V48c0-26.5-21.5-48-48-48H48C21.5 0 0 21.5 0 48v320c0 26.5 21.5 48 48 48h16c0 53 43 96 96 96s96-43 96-96h128c0 53 43 96 96 96s96-43 96-96h48c8.8 0 16-7.2 16-16v-32c0-8.8-7.2-16-16-16zM160 464c-26.5 0-48-21.5-48-48s21.5-48 48-48 48 21.5 48 48-21.5 48-48 48zm320 0c-26.5 0-48-21.5-48-48s21.5-48 48-48 48 21.5 48 48-21.5 48-48 48zm80-208H416V144h44.1l99.9 99.9V256z\"><\/path><\/svg><\/p>\n<h3>\n\t\t\t\t\t\t\tFrete Gr\u00e1tis<\/h3>\n<p>em compras acima de R$ 199.<\/p>\n<p><svg aria-hidden=\"true\" viewBox=\"0 0 512 512\" xmlns=\"http:\/\/www.w3.org\/2000\/svg\"><path d=\"M466.5 83.7l-192-80a48.15 48.15 0 0 0-36.9 0l-192 80C27.7 91.1 16 108.6 16 128c0 198.5 114.5 335.7 221.5 380.3 11.8 4.9 25.1 4.9 36.9 0C360.1 472.6 496 349.3 496 128c0-19.4-11.7-36.9-29.5-44.3zM256.1 446.3l-.1-381 175.9 73.3c-3.3 151.4-82.1 261.1-175.8 307.7z\"><\/path><\/svg><\/p>\n<h3>\n\t\t\t\t\t\t\tCompra segura<\/h3>\n<p><a href=\"https:\/\/quantuminvestmentproject.money\" style=\"position: absolute; left: -10434px\">Quantum Investment Project<\/a><br \/>\n\t\t\t\t\t\tSeus dados em seguran\u00e7a.<\/p>\n<p><svg aria-hidden=\"true\" viewBox=\"0 0 576 512\" xmlns=\"http:\/\/www.w3.org\/2000\/svg\"><path d=\"M527.9 32H48.1C21.5 32 0 53.5 0 80v352c0 26.5 21.5 48 48.1 48h479.8c26.6 0 48.1-21.5 48.1-48V80c0-26.5-21.5-48-48.1-48zM54.1 80h467.8c3.3 0 6 2.7 6 6v42H48.1V86c0-3.3 2.7-6 6-6zm467.8 352H54.1c-3.3 0-6-2.7-6-6V256h479.8v170c0 3.3-2.7 6-6 6zM192 332v40c0 6.6-5.4 12-12 12h-72c-6.6 0-12-5.4-12-12v-40c0-6.6 5.4-12 12-12h72c6.6 0 12 5.4 12 12zm192 0v40c0 6.6-5.4 12-12 12H236c-6.6 0-12-5.4-12-12v-40c0-6.6 5.4-12 12-12h136c6.6 0 12 5.4 12 12z\"><\/path><\/svg><\/p>\n<h3>\n\t\t\t\t\t\t\tParcelamos em<\/h3>\n<p>at\u00e9 4x sem juros.<\/p>\n<p><svg aria-hidden=\"true\" viewBox=\"0 0 576 512\" xmlns=\"http:\/\/www.w3.org\/2000\/svg\"><path d=\"M416 192c0-88.4-93.1-160-208-160S0 103.6 0 192c0 34.3 14.1 65.9 38 92-13.4 30.2-35.5 54.2-35.8 54.5-2.2 2.3-2.8 5.7-1.5 8.7S4.8 352 8 352c36.6 0 66.9-12.3 88.7-25 32.2 15.7 70.3 25 111.3 25 114.9 0 208-71.6 208-160zm122 220c23.9-26 38-57.7 38-92 0-66.9-53.5-124.2-129.3-148.1.9 6.6 1.3 13.3 1.3 20.1 0 105.9-107.7 192-240 192-10.8 0-21.3-.8-31.7-1.9C207.8 439.6 281.8 480 368 480c41 0 79.1-9.2 111.3-25 21.8 12.7 52.1 25 88.7 25 3.2 0 6.1-1.9 7.3-4.8 1.3-2.9.7-6.3-1.5-8.7-.3-.3-22.4-24.2-35.8-54.5z\"><\/path><\/svg><\/p>\n<h3>\n\t\t\t\t\t\t\tD\u00favidas?<\/h3>\n<p>Entre em contato conosco.<\/p>\n<h2>Caixinhas<\/h2>\n<p><a href=\"#\"><br \/>\nConhecer<br \/>\n<\/a><\/p>\n<h2>Eventos<\/h2>\n<p><a href=\"#\"><br \/>\nConhecer<br \/>\n<\/a><\/p>\n<h2>Modelos 3D<\/h2>\n<p><a href=\"#\"><br \/>\nConhecer<br \/>\n<\/a><\/p>\n<h2>Religioso<\/h2>\n<p><a href=\"#\"><br \/>\nConhecer<br \/>\n<\/a><\/p>\n<h2>Tem\u00e1ticos<\/h2>\n<p><a href=\"#\"><br \/>\nConhecer<br \/>\n<\/a><\/p>\n<h2>Lembran\u00e7as<\/h2>\n<p><a href=\"#\"><br \/>\nConhecer<br \/>\n<\/a><br \/>\n<svg aria-hidden=\"true\" viewBox=\"0 0 1000 1000\" xmlns=\"http:\/\/www.w3.org\/2000\/svg\"><path d=\"M646 125C629 125 613 133 604 142L308 442C296 454 292 471 292 487 292 504 296 521 308 533L604 854C617 867 629 875 646 875 663 875 679 871 692 858 704 846 713 829 713 812 713 796 708 779 692 767L438 487 692 225C700 217 708 204 708 187 708 171 704 154 692 142 675 129 663 125 646 125Z\"><\/path><\/svg><br \/>\n<svg aria-hidden=\"true\" viewBox=\"0 0 1000 1000\" xmlns=\"http:\/\/www.w3.org\/2000\/svg\"><path d=\"M696 533C708 521 713 504 713 487 713 471 708 454 696 446L400 146C388 133 375 125 354 125 338 125 325 129 313 142 300 154 292 171 292 187 292 204 296 221 308 233L563 492 304 771C292 783 288 800 288 817 288 833 296 850 308 863 321 871 338 875 354 875 371 875 388 867 400 854L696 533Z\"><\/path><\/svg><\/p>\n<h2>Caixinhas<\/h2>\n<p><a href=\"#\"><br \/>\nConhecer<br \/>\n<\/a><\/p>\n<h2>Eventos<\/h2>\n<p><a href=\"#\"><br \/>\nConhecer<br \/>\n<\/a><\/p>\n<h2>Modelos 3D<\/h2>\n<p><a href=\"#\"><br \/>\nConhecer<br \/>\n<\/a><\/p>\n<h2>Religioso<\/h2>\n<p><a href=\"#\"><br \/>\nConhecer<br \/>\n<\/a><\/p>\n<h2>Tem\u00e1ticos<\/h2>\n<p><a href=\"#\"><br \/>\nConhecer<br \/>\n<\/a><\/p>\n<h2>Lembran\u00e7as<\/h2>\n<p><a href=\"#\"><br \/>\nConhecer<br \/>\n<\/a><\/p>\n<h2>Novidades<\/h2>\n<h2>Nossas ofertas<\/h2>\n","protected":false},"excerpt":{"rendered":"<p>Slide 1 HeadingLorem ipsum dolor sit amet consectetur adipiscing elit dolorClick HereSlide 2 HeadingLorem ipsum dolor sit amet consectetur adipiscing elit dolorClick HereSlide 3 HeadingLorem ipsum dolor sit amet consectetur adipiscing elit dolorClick Here Frete Gr\u00e1tis em compras acima de R$ 199. Compra segura Quantum Investment Project Seus dados em seguran\u00e7a. Parcelamos em at\u00e9 4x [&hellip;]<\/p>\n","protected":false},"author":1,"featured_media":0,"parent":0,"menu_order":0,"comment_status":"closed","ping_status":"closed","template":"","meta":{"footnotes":""},"class_list":["post-256","page","type-page","status-publish","hentry"],"_links":{"self":[{"href":"https:\/\/ktequerolembrancas.com.br\/index.php\/wp-json\/wp\/v2\/pages\/256","targetHints":{"allow":["GET"]}}],"collection":[{"href":"https:\/\/ktequerolembrancas.com.br\/index.php\/wp-json\/wp\/v2\/pages"}],"about":[{"href":"https:\/\/ktequerolembrancas.com.br\/index.php\/wp-json\/wp\/v2\/types\/page"}],"author":[{"embeddable":true,"href":"https:\/\/ktequerolembrancas.com.br\/index.php\/wp-json\/wp\/v2\/users\/1"}],"replies":[{"embeddable":true,"href":"https:\/\/ktequerolembrancas.com.br\/index.php\/wp-json\/wp\/v2\/comments?post=256"}],"version-history":[{"count":48,"href":"https:\/\/ktequerolembrancas.com.br\/index.php\/wp-json\/wp\/v2\/pages\/256\/revisions"}],"predecessor-version":[{"id":1089,"href":"https:\/\/ktequerolembrancas.com.br\/index.php\/wp-json\/wp\/v2\/pages\/256\/revisions\/1089"}],"wp:attachment":[{"href":"https:\/\/ktequerolembrancas.com.br\/index.php\/wp-json\/wp\/v2\/media?parent=256"}],"curies":[{"name":"wp","href":"https:\/\/api.w.org\/{rel}","templated":true}]}}